{"id":2138,"date":"2019-09-25T10:42:34","date_gmt":"2019-09-25T08:42:34","guid":{"rendered":"http:\/\/www.colorfrance.com\/?page_id=2138"},"modified":"2024-09-30T16:54:48","modified_gmt":"2024-09-30T14:54:48","slug":"accueil","status":"publish","type":"page","link":"https:\/\/www.colorfrance.com\/","title":{"rendered":"Accueil"},"content":{"rendered":"<p>[vc_row full_width=\u00a0\u00bbstretch_row_content_no_spaces\u00a0\u00bb equal_height=\u00a0\u00bbyes\u00a0\u00bb content_placement=\u00a0\u00bbmiddle\u00a0\u00bb type=\u00a0\u00bbvc_default\u00a0\u00bb margin_top=\u00a0\u00bb-50&Prime; css=\u00a0\u00bb.vc_custom_1581433945749{margin-bottom: 20px !important;background-color: #ffffff !important;}\u00a0\u00bb][vc_column][\/vc_column][\/vc_row][vc_row equal_height=\u00a0\u00bbyes\u00a0\u00bb content_placement=\u00a0\u00bbmiddle\u00a0\u00bb type=\u00a0\u00bbvc_default\u00a0\u00bb margin_top=\u00a0\u00bb-50&Prime; css=\u00a0\u00bb.vc_custom_1581433979369{background-color: #ffffff !important;}\u00a0\u00bb][vc_column]<div id=\"ultimate-heading-64469e2d7b75b306\" class=\"uvc-heading ult-adjust-bottom-margin ultimate-heading-64469e2d7b75b306 uvc-8149 \" data-hspacer=\"no_spacer\"  data-halign=\"left\" style=\"text-align:left\"><div class=\"uvc-heading-spacer no_spacer\" style=\"top\"><\/div><div class=\"uvc-main-heading ult-responsive\"  data-ultimate-target='.uvc-heading.ultimate-heading-64469e2d7b75b306 h2'  data-responsive-json-new='{\"font-size\":\"desktop:40px;\",\"line-height\":\"desktop:45px;\"}' ><h2 style=\"font-family:&#039;Roboto&#039;;font-weight:300;color:#262626;margin-bottom:25px;\">DEFI - Houill\u00e8res de Cru\u00e9jouls met au service du n\u00e9goce professionnel et du particulier ses capacit\u00e9s de production<\/h2><\/div><\/div>[\/vc_column][vc_column width=\u00a0\u00bb1\/2&Prime;]<div class=\"aio-icon-component    style_1\"><div id=\"Info-box-wrap-2492\" class=\"aio-icon-box left-icon\" style=\"\"  ><div class=\"aio-icon-left\"><div class=\"ult-just-icon-wrapper  \"><div class=\"align-icon\" style=\"text-align:center;\">\n<div class=\"aio-icon-img \" style=\"font-size:170px;display:inline-block;\" >\n\t<img class=\"img-icon\" alt=\"null\" src=\"https:\/\/www.colorfrance.com\/wp-content\/uploads\/2020\/02\/picto_picto5-1.jpg\"\/>\n<\/div><\/div><\/div><\/div><div class=\"aio-ibd-block\"><div class=\"aio-icon-header\" ><h3 class=\"aio-icon-title ult-responsive\"  data-ultimate-target='#Info-box-wrap-2492 .aio-icon-title'  data-responsive-json-new='{\"font-size\":\"desktop:25px;\",\"line-height\":\"\"}'  style=\"font-family:&#039;PT Sans&#039;;font-weight:700;color:#2d2d2d;\">Rechercher et d\u00e9velopper<\/h3><\/div> <!-- header --><div class=\"aio-icon-description ult-responsive\"  data-ultimate-target='#Info-box-wrap-2492 .aio-icon-description'  data-responsive-json-new='{\"font-size\":\"desktop:14px;\",\"line-height\":\"\"}'  style=\"color:#2d2d2d;\">D\u00e9veloppe et renforce sa gamme de produits de d\u00e9coration pour l\u2019habitat avec pour ambition de la rendre la plus saine possible et accessible au plus grand nombre.<\/div> <!-- description --><\/div> <!-- aio-ibd-block --><\/div> <!-- aio-icon-box --><\/div> <!-- aio-icon-component -->[\/vc_column][vc_column width=\u00a0\u00bb1\/2&Prime;]<div class=\"aio-icon-component    style_1\"><div id=\"Info-box-wrap-7279\" class=\"aio-icon-box left-icon\" style=\"\"  ><div class=\"aio-icon-left\"><div class=\"ult-just-icon-wrapper  \"><div class=\"align-icon\" style=\"text-align:center;\">\n<div class=\"aio-icon-img \" style=\"font-size:170px;display:inline-block;\" >\n\t<img class=\"img-icon\" alt=\"null\" src=\"https:\/\/www.colorfrance.com\/wp-content\/uploads\/2020\/01\/picto_picto2.jpg\"\/>\n<\/div><\/div><\/div><\/div><div class=\"aio-ibd-block\"><div class=\"aio-icon-header\" ><h3 class=\"aio-icon-title ult-responsive\"  data-ultimate-target='#Info-box-wrap-7279 .aio-icon-title'  data-responsive-json-new='{\"font-size\":\"desktop:25px;\",\"line-height\":\"\"}'  style=\"font-family:&#039;PT Sans&#039;;font-weight:700;color:#2d2d2d;\">Formuler<\/h3><\/div> <!-- header --><div class=\"aio-icon-description ult-responsive\"  data-ultimate-target='#Info-box-wrap-7279 .aio-icon-description'  data-responsive-json-new='{\"font-size\":\"desktop:14px;\",\"line-height\":\"\"}'  style=\"color:#2d2d2d;\">Soutenu par l\u2019ensemble des collaborateurs, cet engagement s\u2019appuie sur une longue exp\u00e9rience et un savoir-faire traditionnel de recettes ancestrales \u00e0 base de terres, d\u2019argiles, de chaux, de pigments.<\/div> <!-- description --><\/div> <!-- aio-ibd-block --><\/div> <!-- aio-icon-box --><\/div> <!-- aio-icon-component -->[\/vc_column][vc_column][\/vc_column][\/vc_row][vc_row][vc_column][vc_separator color=\u00a0\u00bbcustom\u00a0\u00bb border_width=\u00a0\u00bb2&Prime; accent_color=\u00a0\u00bb#c3bf96&Prime;][\/vc_column][\/vc_row][vc_row equal_height=\u00a0\u00bbyes\u00a0\u00bb type=\u00a0\u00bbvc_default\u00a0\u00bb margin_top=\u00a0\u00bb-50&Prime; css=\u00a0\u00bb.vc_custom_1571328224965{background-color: #ffffff !important;}\u00a0\u00bb][vc_column width=\u00a0\u00bb2\/3&Prime;]<style type=\"text\/css\" data-type=\"the7_shortcodes-inline-css\">.shortcode-single-image-wrap.shortcode-single-image-354b2c6964d4c0fe880a538e314a52a8.enable-bg-rollover .rollover i,\n.shortcode-single-image-wrap.shortcode-single-image-354b2c6964d4c0fe880a538e314a52a8.enable-bg-rollover .rollover-video i {\n  background: -webkit-linear-gradient();\n  background: linear-gradient();\n}\n.shortcode-single-image-wrap.shortcode-single-image-354b2c6964d4c0fe880a538e314a52a8 .rollover-icon {\n  font-size: 32px;\n  color: #ffffff;\n  min-width: 44px;\n  min-height: 44px;\n  line-height: 44px;\n  border-radius: 100px;\n  border-style: solid;\n  border-width: 0px;\n}\n.dt-icon-bg-on.shortcode-single-image-wrap.shortcode-single-image-354b2c6964d4c0fe880a538e314a52a8 .rollover-icon {\n  background: rgba(255,255,255,0.3);\n  box-shadow: none;\n}\n<\/style><div class=\"shortcode-single-image-wrap shortcode-single-image-354b2c6964d4c0fe880a538e314a52a8 alignnone  vc_custom_1581434148287 enable-bg-rollover dt-icon-bg-off\" ><div class=\"shortcode-single-image\"><div class=\"fancy-media-wrap\" style=\"\"><a class=\"layzr-bg rollover rollover-zoom dt-pswp-item pswp-image\" href=\"https:\/\/www.colorfrance.com\/wp-content\/uploads\/2019\/12\/IMG-ILLUS-DEFI.jpg\" title=\"IMG-ILLUS-DEFI\" data-dt-img-description=\"\" data-large_image_width=\"1024\" data-large_image_height = \"768\"  style=\"\"><img class=\"preload-me lazy-load\" src=\"data:image\/svg+xml,%3Csvg%20xmlns%3D&#39;http%3A%2F%2Fwww.w3.org%2F2000%2Fsvg&#39;%20viewBox%3D&#39;0%200%201024%20768&#39;%2F%3E\" data-src=\"https:\/\/www.colorfrance.com\/wp-content\/uploads\/2019\/12\/IMG-ILLUS-DEFI.jpg\" data-srcset=\"https:\/\/www.colorfrance.com\/wp-content\/uploads\/2019\/12\/IMG-ILLUS-DEFI.jpg 1024w\" width=\"1024\" height=\"768\"  data-dt-location=\"https:\/\/www.colorfrance.com\/?attachment_id=2261\" alt=\"\" \/><\/a><\/div><\/div><\/div>[\/vc_column][vc_column width=\u00a0\u00bb1\/3&Prime; css=\u00a0\u00bb.vc_custom_1586265564329{padding-top: 0px !important;}\u00a0\u00bb]<div id=\"ultimate-heading-264169e2d7b75bee6\" class=\"uvc-heading ult-adjust-bottom-margin ultimate-heading-264169e2d7b75bee6 uvc-2122 \" data-hspacer=\"no_spacer\"  data-halign=\"left\" style=\"text-align:left\"><div class=\"uvc-heading-spacer no_spacer\" style=\"top\"><\/div><div class=\"uvc-main-heading ult-responsive\"  data-ultimate-target='.uvc-heading.ultimate-heading-264169e2d7b75bee6 h2'  data-responsive-json-new='{\"font-size\":\"desktop:55px;mobile_landscape:44px;\",\"line-height\":\"desktop:55px;mobile_landscape:54px;\"}' ><h2 style=\"font-weight:bold;color:#c3bf96;margin-bottom:25px;\">Fabricant fran\u00e7ais depuis plus de 30 ans<\/h2><\/div><\/div><div id=\"ultimate-heading-170569e2d7b75bf13\" class=\"uvc-heading ult-adjust-bottom-margin ultimate-heading-170569e2d7b75bf13 uvc-9335 \" data-hspacer=\"no_spacer\"  data-halign=\"left\" style=\"text-align:left\"><div class=\"uvc-heading-spacer no_spacer\" style=\"top\"><\/div><div class=\"uvc-main-heading ult-responsive\"  data-ultimate-target='.uvc-heading.ultimate-heading-170569e2d7b75bf13 h2'  data-responsive-json-new='{\"font-size\":\"desktop:18px;\",\"line-height\":\"desktop:22px;\"}' ><h2 style=\"font-weight:bold;color:#262626;margin-bottom:25px;\">DEFI \u2013 HOUILLERES DE CRUEJOULS est une PME familiale fran\u00e7aise situ\u00e9e en Is\u00e8re depuis plusieurs d\u00e9cennies.<\/h2><\/div><div class=\"uvc-sub-heading ult-responsive\"  data-ultimate-target='.uvc-heading.ultimate-heading-170569e2d7b75bf13 .uvc-sub-heading '  data-responsive-json-new='{\"font-size\":\"desktop:16px;\",\"line-height\":\"desktop:20px;\"}'  style=\"font-weight:normal;color:#262626;\"><\/p>\n<p class=\"article1\">Sensibilis\u00e9e et concern\u00e9e par les enjeux environnementaux et \u00e9cologiques, l\u2019\u00e9quipe dirigeante de DEFI-Houill\u00e8res de Cru\u00e9jouls d\u00e9veloppe et renforce sa gamme de produits de d\u00e9coration pour l\u2019habitat.<\/p>\n<p class=\"article1\">Cet engagement, soutenu par l\u2019ensemble des collaborateurs, s\u2019appuie sur une longue exp\u00e9rience et un savoir-faire traditionnel de recettes ancestrales \u00e0 base de terres, d\u2019argiles, de chaux, de pigments.<\/p>\n<p class=\"article1\">Nos produits sont aussi bien reconnus dans la restauration des b\u00e2timents anciens que dans la d\u00e9coration des habitations modernes ou des \u00e9coconstructions.<\/p>\n<p class=\"article1\">Ce catalogue donne un aper\u00e7u des productions de DEFI-Houill\u00e8res de Cru\u00e9jouls.<br \/>\nNotre maitrise de la coloration des mat\u00e9riaux nous permet de vous proposer une infinit\u00e9 de teintes gr\u00e2ce aux multiples combinaisons de produits.<br \/>\nChacun peut alors cr\u00e9er son propre d\u00e9cor.<\/p>\n<p><\/div><\/div>[\/vc_column][\/vc_row][vc_row][vc_column][vc_separator color=\u00a0\u00bbcustom\u00a0\u00bb accent_color=\u00a0\u00bb#262626&Prime;][\/vc_column][\/vc_row]<\/p>\n","protected":false},"excerpt":{"rendered":"<p>[vc_row full_width=\u00a0\u00bbstretch_row_content_no_spaces\u00a0\u00bb equal_height=\u00a0\u00bbyes\u00a0\u00bb content_placement=\u00a0\u00bbmiddle\u00a0\u00bb type=\u00a0\u00bbvc_default\u00a0\u00bb margin_top=\u00a0\u00bb-50&Prime; css=\u00a0\u00bb.vc_custom_1581433945749{margin-bottom: 20px !important;background-color: #ffffff !important;}\u00a0\u00bb][vc_column][\/vc_column][\/vc_row][vc_row equal_height=\u00a0\u00bbyes\u00a0\u00bb content_placement=\u00a0\u00bbmiddle\u00a0\u00bb type=\u00a0\u00bbvc_default\u00a0\u00bb margin_top=\u00a0\u00bb-50&Prime; css=\u00a0\u00bb.vc_custom_1581433979369{background-color: #ffffff !important;}\u00a0\u00bb][vc_column][\/vc_column][vc_column width=\u00a0\u00bb1\/2&Prime;][\/vc_column][vc_column width=\u00a0\u00bb1\/2&Prime;][\/vc_column][vc_column][\/vc_column][\/vc_row][vc_row][vc_column][vc_separator color=\u00a0\u00bbcustom\u00a0\u00bb border_width=\u00a0\u00bb2&Prime; accent_color=\u00a0\u00bb#c3bf96&Prime;][\/vc_column][\/vc_row][vc_row equal_height=\u00a0\u00bbyes\u00a0\u00bb type=\u00a0\u00bbvc_default\u00a0\u00bb margin_top=\u00a0\u00bb-50&Prime; css=\u00a0\u00bb.vc_custom_1571328224965{background-color: #ffffff !important;}\u00a0\u00bb][vc_column width=\u00a0\u00bb2\/3&Prime;][\/vc_column][vc_column width=\u00a0\u00bb1\/3&Prime; css=\u00a0\u00bb.vc_custom_1586265564329{padding-top: 0px !important;}\u00a0\u00bb][\/vc_column][\/vc_row][vc_row][vc_column][vc_separator color=\u00a0\u00bbcustom\u00a0\u00bb accent_color=\u00a0\u00bb#262626&Prime;][\/vc_column][\/vc_row]<\/p>\n","protected":false},"author":1,"featured_media":0,"parent":0,"menu_order":0,"comment_status":"closed","ping_status":"closed","template":"","meta":[],"yoast_head":"<!-- This site is optimized with the Yoast SEO plugin v15.7 - https:\/\/yoast.com\/wordpress\/plugins\/seo\/ -->\n<title>Accueil - COLORFRANCE<\/title>\n<meta name=\"description\" content=\"Fabricant fran\u00e7ais d&#039;enduits, peintures et pigments COLORFRANCE\" \/>\n<meta name=\"robots\" content=\"index, follow, max-snippet:-1, max-image-preview:large, max-video-preview:-1\" \/>\n<link rel=\"canonical\" href=\"http:\/\/www.colorfrance.com\/\" \/>\n<meta property=\"og:locale\" content=\"fr_FR\" \/>\n<meta property=\"og:type\" content=\"article\" \/>\n<meta property=\"og:title\" content=\"Accueil - COLORFRANCE\" \/>\n<meta property=\"og:description\" content=\"Fabricant fran\u00e7ais d&#039;enduits, peintures et pigments COLORFRANCE\" \/>\n<meta property=\"og:url\" content=\"http:\/\/www.colorfrance.com\/\" \/>\n<meta property=\"og:site_name\" content=\"COLORFRANCE\" \/>\n<meta property=\"article:modified_time\" content=\"2024-09-30T14:54:48+00:00\" \/>\n<meta name=\"twitter:card\" content=\"summary_large_image\" \/>\n<meta name=\"twitter:label1\" content=\"Dur\u00e9e de lecture est.\">\n\t<meta name=\"twitter:data1\" content=\"2 minutes\">\n<script type=\"application\/ld+json\" class=\"yoast-schema-graph\">{\"@context\":\"https:\/\/schema.org\",\"@graph\":[{\"@type\":\"Organization\",\"@id\":\"https:\/\/www.colorfrance.com\/#organization\",\"name\":\"colorfrance\",\"url\":\"https:\/\/www.colorfrance.com\/\",\"sameAs\":[],\"logo\":{\"@type\":\"ImageObject\",\"@id\":\"https:\/\/www.colorfrance.com\/#logo\",\"inLanguage\":\"fr-FR\",\"url\":\"https:\/\/www.colorfrance.com\/wp-content\/uploads\/2019\/09\/logo-DEFI2.png\",\"width\":205,\"height\":105,\"caption\":\"colorfrance\"},\"image\":{\"@id\":\"https:\/\/www.colorfrance.com\/#logo\"}},{\"@type\":\"WebSite\",\"@id\":\"https:\/\/www.colorfrance.com\/#website\",\"url\":\"https:\/\/www.colorfrance.com\/\",\"name\":\"COLORFRANCE\",\"description\":\"Enduits, peintures et pigments\",\"publisher\":{\"@id\":\"https:\/\/www.colorfrance.com\/#organization\"},\"potentialAction\":[{\"@type\":\"SearchAction\",\"target\":\"https:\/\/www.colorfrance.com\/?s={search_term_string}\",\"query-input\":\"required name=search_term_string\"}],\"inLanguage\":\"fr-FR\"},{\"@type\":\"WebPage\",\"@id\":\"http:\/\/www.colorfrance.com\/#webpage\",\"url\":\"http:\/\/www.colorfrance.com\/\",\"name\":\"Accueil - COLORFRANCE\",\"isPartOf\":{\"@id\":\"https:\/\/www.colorfrance.com\/#website\"},\"datePublished\":\"2019-09-25T08:42:34+00:00\",\"dateModified\":\"2024-09-30T14:54:48+00:00\",\"description\":\"Fabricant fran\\u00e7ais d'enduits, peintures et pigments COLORFRANCE\",\"inLanguage\":\"fr-FR\",\"potentialAction\":[{\"@type\":\"ReadAction\",\"target\":[\"http:\/\/www.colorfrance.com\/\"]}]}]}<\/script>\n<!-- \/ Yoast SEO plugin. -->","_links":{"self":[{"href":"https:\/\/www.colorfrance.com\/index.php?rest_route=\/wp\/v2\/pages\/2138"}],"collection":[{"href":"https:\/\/www.colorfrance.com\/index.php?rest_route=\/wp\/v2\/pages"}],"about":[{"href":"https:\/\/www.colorfrance.com\/index.php?rest_route=\/wp\/v2\/types\/page"}],"author":[{"embeddable":true,"href":"https:\/\/www.colorfrance.com\/index.php?rest_route=\/wp\/v2\/users\/1"}],"replies":[{"embeddable":true,"href":"https:\/\/www.colorfrance.com\/index.php?rest_route=%2Fwp%2Fv2%2Fcomments&post=2138"}],"version-history":[{"count":122,"href":"https:\/\/www.colorfrance.com\/index.php?rest_route=\/wp\/v2\/pages\/2138\/revisions"}],"predecessor-version":[{"id":7565,"href":"https:\/\/www.colorfrance.com\/index.php?rest_route=\/wp\/v2\/pages\/2138\/revisions\/7565"}],"wp:attachment":[{"href":"https:\/\/www.colorfrance.com\/index.php?rest_route=%2Fwp%2Fv2%2Fmedia&parent=2138"}],"curies":[{"name":"wp","href":"https:\/\/api.w.org\/{rel}","templated":true}]}}